{"id":1427,"date":"2021-01-18T09:56:32","date_gmt":"2021-01-18T09:56:32","guid":{"rendered":"https:\/\/zbjl.hr\/donacija\/?post_type=product&#038;p=1427"},"modified":"2021-01-18T10:03:02","modified_gmt":"2021-01-18T10:03:02","slug":"psihologija-obitelji","status":"publish","type":"product","link":"https:\/\/zbjl.hr\/donacija\/artikl\/psihologija-obitelji\/","title":{"rendered":"Psihologija Obitelji"},"content":{"rendered":"<p>Psihologija obitelji<\/p>\n<p>Autor:\u00a0 Psiholo\u0161ko-teolo\u0161ko promi\u0161ljanje\u00a0\u201c Mijo Niki\u0107\u201d<\/p>\n","protected":false},"excerpt":{"rendered":"<p>Psihologija obitelji Autor:\u00a0 Psiholo\u0161ko-teolo\u0161ko promi\u0161ljanje\u00a0\u201c Mijo Niki\u0107\u201d<\/p>\n","protected":false},"featured_media":1428,"template":"","meta":{"_seopress_robots_primary_cat":"","_seopress_titles_title":"","_seopress_titles_desc":"","_seopress_robots_index":""},"product_cat":[84],"product_tag":[],"class_list":["post-1427","product","type-product","status-publish","has-post-thumbnail","hentry","product_cat-knjige"],"_links":{"self":[{"href":"https:\/\/zbjl.hr\/donacija\/wp-json\/wp\/v2\/product\/1427","targetHints":{"allow":["GET"]}}],"collection":[{"href":"https:\/\/zbjl.hr\/donacija\/wp-json\/wp\/v2\/product"}],"about":[{"href":"https:\/\/zbjl.hr\/donacija\/wp-json\/wp\/v2\/types\/product"}],"wp:featuredmedia":[{"embeddable":true,"href":"https:\/\/zbjl.hr\/donacija\/wp-json\/wp\/v2\/media\/1428"}],"wp:attachment":[{"href":"https:\/\/zbjl.hr\/donacija\/wp-json\/wp\/v2\/media?parent=1427"}],"wp:term":[{"taxonomy":"product_cat","embeddable":true,"href":"https:\/\/zbjl.hr\/donacija\/wp-json\/wp\/v2\/product_cat?post=1427"},{"taxonomy":"product_tag","embeddable":true,"href":"https:\/\/zbjl.hr\/donacija\/wp-json\/wp\/v2\/product_tag?post=1427"}],"curies":[{"name":"wp","href":"https:\/\/api.w.org\/{rel}","templated":true}]}}