{"id":1437,"date":"2021-01-18T11:00:41","date_gmt":"2021-01-18T11:00:41","guid":{"rendered":"https:\/\/zbjl.hr\/donacija\/?post_type=product&#038;p=1437"},"modified":"2021-01-18T11:01:44","modified_gmt":"2021-01-18T11:01:44","slug":"kako-vjerom-nadvladati-strah","status":"publish","type":"product","link":"https:\/\/zbjl.hr\/donacija\/artikl\/kako-vjerom-nadvladati-strah\/","title":{"rendered":"Kako Vjerom Nadvladati Strah"},"content":{"rendered":"<p>Kako vjerom nadvladati strah<br \/>\nBiblioteka DU\u0160EVNO ZDRAVLJE Knjiga 1<br \/>\nZaklada \u201cBiskup Josip Lang\u201d<\/p>\n<p>Mo\u017ee li se strah nadvladati vjerom? Oni koji istinski vjeruju odgovaraju potvrdno na ovo pitanje. U vjeri se osoba otvara Bogu i tako svoju nemo\u0107 zamjenjuje Bo\u017ejom svemo\u0107u. U vjeri je sve mogu\u0107e, jer &#8220;Bogu je sve mogu\u0107e&#8221; (Mt 19,28). Sila koja pobje\u0111uje svijet i sve strahove jest vjera na\u0161a, ka\u017ee sv. Ivan apostol. U ovoj knji\u017eici se govori o tome kako je vjera najja\u010da snaga da se nadvlada strah. Onima koje je \u010dudesno ozdravio, Isus je jasno dao do znanja da su i oni sami svojom vjerom najvi\u0161e pridonijeli svome ozdravljenju: &#8220;Vjera te tvoja spasila!&#8221; (Mt 9,22), &#8220;Idi i neka ti bude kako si vjerovao! (Mt8,13)&#8221;<\/p>\n","protected":false},"excerpt":{"rendered":"<p>Kako vjerom nadvladati strah Biblioteka DU\u0160EVNO ZDRAVLJE Knjiga 1 Zaklada \u201cBiskup Josip Lang\u201d Mo\u017ee li se strah nadvladati vjerom? Oni koji istinski vjeruju odgovaraju potvrdno na ovo pitanje. U vjeri se osoba otvara Bogu i tako svoju nemo\u0107 zamjenjuje Bo\u017ejom svemo\u0107u. U vjeri je sve mogu\u0107e, jer &#8220;Bogu je sve mogu\u0107e&#8221; (Mt 19,28). Sila koja [&hellip;]<\/p>\n","protected":false},"featured_media":1438,"template":"","meta":{"_seopress_robots_primary_cat":"","_seopress_titles_title":"","_seopress_titles_desc":"","_seopress_robots_index":""},"product_cat":[84],"product_tag":[],"class_list":["post-1437","product","type-product","status-publish","has-post-thumbnail","hentry","product_cat-knjige"],"_links":{"self":[{"href":"https:\/\/zbjl.hr\/donacija\/wp-json\/wp\/v2\/product\/1437","targetHints":{"allow":["GET"]}}],"collection":[{"href":"https:\/\/zbjl.hr\/donacija\/wp-json\/wp\/v2\/product"}],"about":[{"href":"https:\/\/zbjl.hr\/donacija\/wp-json\/wp\/v2\/types\/product"}],"wp:featuredmedia":[{"embeddable":true,"href":"https:\/\/zbjl.hr\/donacija\/wp-json\/wp\/v2\/media\/1438"}],"wp:attachment":[{"href":"https:\/\/zbjl.hr\/donacija\/wp-json\/wp\/v2\/media?parent=1437"}],"wp:term":[{"taxonomy":"product_cat","embeddable":true,"href":"https:\/\/zbjl.hr\/donacija\/wp-json\/wp\/v2\/product_cat?post=1437"},{"taxonomy":"product_tag","embeddable":true,"href":"https:\/\/zbjl.hr\/donacija\/wp-json\/wp\/v2\/product_tag?post=1437"}],"curies":[{"name":"wp","href":"https:\/\/api.w.org\/{rel}","templated":true}]}}