{"id":1465,"date":"2021-01-18T12:34:12","date_gmt":"2021-01-18T12:34:12","guid":{"rendered":"https:\/\/zbjl.hr\/donacija\/?post_type=product&#038;p=1465"},"modified":"2021-01-18T15:29:42","modified_gmt":"2021-01-18T15:29:42","slug":"cd-pjesmom-te-molim","status":"publish","type":"product","link":"https:\/\/zbjl.hr\/donacija\/artikl\/cd-pjesmom-te-molim\/","title":{"rendered":"CD \/ Pjesmom te Molim"},"content":{"rendered":"<p>CD \/ Pjesmom te molim<\/p>\n<p>Zaklada \u201cBiskup Josip Lang\u201d<\/p>\n<p>Vokal: Nikolina Pinko<\/p>\n<ol>\n<li>Simbol<\/li>\n<li>Mrtvi siromah<\/li>\n<li>Tvoj crveni pla\u0161t<\/li>\n<li>\u017dive vode<\/li>\n<li>O\u010di u o\u010di<\/li>\n<li>Znam da tvoja ruka<\/li>\n<li>Obe\u0107ana djevica<\/li>\n<li>Ave Maria<\/li>\n<li>O Bo\u017ee moj<\/li>\n<li>Tama je svud<\/li>\n<li>Oda radosti<\/li>\n<li>Mrtvi siromah<\/li>\n<\/ol>\n<p>Poslu\u0161ajte neke audio isje\u010dke:<\/p>\n","protected":false},"excerpt":{"rendered":"<p>CD \/ Pjesmom te molim Zaklada \u201cBiskup Josip Lang\u201d Vokal: Nikolina Pinko Simbol Mrtvi siromah Tvoj crveni pla\u0161t \u017dive vode O\u010di u o\u010di Znam da tvoja ruka Obe\u0107ana djevica Ave Maria O Bo\u017ee moj Tama je svud Oda radosti Mrtvi siromah Poslu\u0161ajte neke audio isje\u010dke:<\/p>\n","protected":false},"featured_media":1493,"template":"","meta":{"_seopress_robots_primary_cat":"","_seopress_titles_title":"","_seopress_titles_desc":"","_seopress_robots_index":""},"product_cat":[87],"product_tag":[],"class_list":["post-1465","product","type-product","status-publish","has-post-thumbnail","hentry","product_cat-cd"],"_links":{"self":[{"href":"https:\/\/zbjl.hr\/donacija\/wp-json\/wp\/v2\/product\/1465","targetHints":{"allow":["GET"]}}],"collection":[{"href":"https:\/\/zbjl.hr\/donacija\/wp-json\/wp\/v2\/product"}],"about":[{"href":"https:\/\/zbjl.hr\/donacija\/wp-json\/wp\/v2\/types\/product"}],"wp:featuredmedia":[{"embeddable":true,"href":"https:\/\/zbjl.hr\/donacija\/wp-json\/wp\/v2\/media\/1493"}],"wp:attachment":[{"href":"https:\/\/zbjl.hr\/donacija\/wp-json\/wp\/v2\/media?parent=1465"}],"wp:term":[{"taxonomy":"product_cat","embeddable":true,"href":"https:\/\/zbjl.hr\/donacija\/wp-json\/wp\/v2\/product_cat?post=1465"},{"taxonomy":"product_tag","embeddable":true,"href":"https:\/\/zbjl.hr\/donacija\/wp-json\/wp\/v2\/product_tag?post=1465"}],"curies":[{"name":"wp","href":"https:\/\/api.w.org\/{rel}","templated":true}]}}