{"id":1468,"date":"2021-01-18T12:51:43","date_gmt":"2021-01-18T12:51:43","guid":{"rendered":"https:\/\/zbjl.hr\/donacija\/?post_type=product&#038;p=1468"},"modified":"2021-01-18T15:35:08","modified_gmt":"2021-01-18T15:35:08","slug":"cd-ispit-savjesti","status":"publish","type":"product","link":"https:\/\/zbjl.hr\/donacija\/artikl\/cd-ispit-savjesti\/","title":{"rendered":"CD \/ Ispit Savjesti"},"content":{"rendered":"<p>Vele\u010dasni Zlatko Sudac<\/p>\n<p>Prema Deset Bo\u017ejih zapovijedi<\/p>\n<ol>\n<li>Ispit savjesti prema Deset Bo\u017ejih zapovijedi<\/li>\n<li>Pjesma &#8230;<\/li>\n<li>Ispit savjesti &#8211; nastavak<\/li>\n<\/ol>\n<p>Gitara i vokal: Ivan Pulji\u0107<\/p>\n<p>Trajanje: 1:15:30<\/p>\n<p>Prema izri\u010ditoj \u017eelji vl\u010d. Zlatka Sudca, koji je tako\u0111er \u010dlan Zaklade, sav prihod od prodaje ovog CD-a ide u korist Zaklade &#8220;Biskup Josip Lang&#8221; koja se brine za stare, bolesne i nemo\u0107ne osobe.<\/p>\n<p>Poslu\u0161ajte neke audio isje\u010dke:<\/p>\n","protected":false},"excerpt":{"rendered":"<p>Vele\u010dasni Zlatko Sudac Prema Deset Bo\u017ejih zapovijedi Ispit savjesti prema Deset Bo\u017ejih zapovijedi Pjesma &#8230; Ispit savjesti &#8211; nastavak Gitara i vokal: Ivan Pulji\u0107 Trajanje: 1:15:30 Prema izri\u010ditoj \u017eelji vl\u010d. Zlatka Sudca, koji je tako\u0111er \u010dlan Zaklade, sav prihod od prodaje ovog CD-a ide u korist Zaklade &#8220;Biskup Josip Lang&#8221; koja se brine za stare, [&hellip;]<\/p>\n","protected":false},"featured_media":1498,"template":"","meta":{"_seopress_robots_primary_cat":"","_seopress_titles_title":"","_seopress_titles_desc":"","_seopress_robots_index":""},"product_cat":[87],"product_tag":[],"class_list":["post-1468","product","type-product","status-publish","has-post-thumbnail","hentry","product_cat-cd"],"_links":{"self":[{"href":"https:\/\/zbjl.hr\/donacija\/wp-json\/wp\/v2\/product\/1468","targetHints":{"allow":["GET"]}}],"collection":[{"href":"https:\/\/zbjl.hr\/donacija\/wp-json\/wp\/v2\/product"}],"about":[{"href":"https:\/\/zbjl.hr\/donacija\/wp-json\/wp\/v2\/types\/product"}],"wp:featuredmedia":[{"embeddable":true,"href":"https:\/\/zbjl.hr\/donacija\/wp-json\/wp\/v2\/media\/1498"}],"wp:attachment":[{"href":"https:\/\/zbjl.hr\/donacija\/wp-json\/wp\/v2\/media?parent=1468"}],"wp:term":[{"taxonomy":"product_cat","embeddable":true,"href":"https:\/\/zbjl.hr\/donacija\/wp-json\/wp\/v2\/product_cat?post=1468"},{"taxonomy":"product_tag","embeddable":true,"href":"https:\/\/zbjl.hr\/donacija\/wp-json\/wp\/v2\/product_tag?post=1468"}],"curies":[{"name":"wp","href":"https:\/\/api.w.org\/{rel}","templated":true}]}}