{"id":1471,"date":"2021-01-18T12:53:57","date_gmt":"2021-01-18T12:53:57","guid":{"rendered":"https:\/\/zbjl.hr\/donacija\/?post_type=product&#038;p=1471"},"modified":"2021-01-18T15:39:03","modified_gmt":"2021-01-18T15:39:03","slug":"cd-krizni-put","status":"publish","type":"product","link":"https:\/\/zbjl.hr\/donacija\/artikl\/cd-krizni-put\/","title":{"rendered":"CD \/ Kri\u017eni Put"},"content":{"rendered":"<p>CD \/ Kri\u017eni put<\/p>\n<p>Vele\u010dasni Zlatko Sudac<\/p>\n<p>Mali Lo\u0161inj, 2005.<\/p>\n<p>Poslu\u0161ajte neke audio isje\u010dke:<\/p>\n","protected":false},"excerpt":{"rendered":"<p>CD \/ Kri\u017eni put Vele\u010dasni Zlatko Sudac Mali Lo\u0161inj, 2005. Poslu\u0161ajte neke audio isje\u010dke:<\/p>\n","protected":false},"featured_media":1500,"template":"","meta":{"_seopress_robots_primary_cat":"","_seopress_titles_title":"","_seopress_titles_desc":"","_seopress_robots_index":""},"product_cat":[87],"product_tag":[],"class_list":["post-1471","product","type-product","status-publish","has-post-thumbnail","hentry","product_cat-cd"],"_links":{"self":[{"href":"https:\/\/zbjl.hr\/donacija\/wp-json\/wp\/v2\/product\/1471","targetHints":{"allow":["GET"]}}],"collection":[{"href":"https:\/\/zbjl.hr\/donacija\/wp-json\/wp\/v2\/product"}],"about":[{"href":"https:\/\/zbjl.hr\/donacija\/wp-json\/wp\/v2\/types\/product"}],"wp:featuredmedia":[{"embeddable":true,"href":"https:\/\/zbjl.hr\/donacija\/wp-json\/wp\/v2\/media\/1500"}],"wp:attachment":[{"href":"https:\/\/zbjl.hr\/donacija\/wp-json\/wp\/v2\/media?parent=1471"}],"wp:term":[{"taxonomy":"product_cat","embeddable":true,"href":"https:\/\/zbjl.hr\/donacija\/wp-json\/wp\/v2\/product_cat?post=1471"},{"taxonomy":"product_tag","embeddable":true,"href":"https:\/\/zbjl.hr\/donacija\/wp-json\/wp\/v2\/product_tag?post=1471"}],"curies":[{"name":"wp","href":"https:\/\/api.w.org\/{rel}","templated":true}]}}