{"id":1476,"date":"2021-01-18T13:00:05","date_gmt":"2021-01-18T13:00:05","guid":{"rendered":"https:\/\/zbjl.hr\/donacija\/?post_type=product&#038;p=1476"},"modified":"2021-01-18T15:42:57","modified_gmt":"2021-01-18T15:42:57","slug":"cd-meditacije-ii","status":"publish","type":"product","link":"https:\/\/zbjl.hr\/donacija\/artikl\/cd-meditacije-ii\/","title":{"rendered":"CD \/ Meditacije II"},"content":{"rendered":"<p>CD \/ Meditacije II<\/p>\n<p>Vele\u010dasni Zlatko Sudac<\/p>\n<p>Prema izri\u010ditoj \u017eelji vl\u010d. Zlatka Sudca, koji je tako\u0111er \u010dlan Zaklade, sav prihod od prodaje ovog CD-a ide u korist Zaklade &#8220;Biskup Josip Lang&#8221; koja se brine za stare, bolesne i nemo\u0107ne osobe.<\/p>\n<p>Poslu\u0161ajte neke audio isje\u010dke:<\/p>\n","protected":false},"excerpt":{"rendered":"<p>CD \/ Meditacije II Vele\u010dasni Zlatko Sudac Prema izri\u010ditoj \u017eelji vl\u010d. Zlatka Sudca, koji je tako\u0111er \u010dlan Zaklade, sav prihod od prodaje ovog CD-a ide u korist Zaklade &#8220;Biskup Josip Lang&#8221; koja se brine za stare, bolesne i nemo\u0107ne osobe. Poslu\u0161ajte neke audio isje\u010dke:<\/p>\n","protected":false},"featured_media":1505,"template":"","meta":{"_seopress_robots_primary_cat":"","_seopress_titles_title":"","_seopress_titles_desc":"","_seopress_robots_index":""},"product_cat":[87],"product_tag":[],"class_list":["post-1476","product","type-product","status-publish","has-post-thumbnail","hentry","product_cat-cd"],"_links":{"self":[{"href":"https:\/\/zbjl.hr\/donacija\/wp-json\/wp\/v2\/product\/1476","targetHints":{"allow":["GET"]}}],"collection":[{"href":"https:\/\/zbjl.hr\/donacija\/wp-json\/wp\/v2\/product"}],"about":[{"href":"https:\/\/zbjl.hr\/donacija\/wp-json\/wp\/v2\/types\/product"}],"wp:featuredmedia":[{"embeddable":true,"href":"https:\/\/zbjl.hr\/donacija\/wp-json\/wp\/v2\/media\/1505"}],"wp:attachment":[{"href":"https:\/\/zbjl.hr\/donacija\/wp-json\/wp\/v2\/media?parent=1476"}],"wp:term":[{"taxonomy":"product_cat","embeddable":true,"href":"https:\/\/zbjl.hr\/donacija\/wp-json\/wp\/v2\/product_cat?post=1476"},{"taxonomy":"product_tag","embeddable":true,"href":"https:\/\/zbjl.hr\/donacija\/wp-json\/wp\/v2\/product_tag?post=1476"}],"curies":[{"name":"wp","href":"https:\/\/api.w.org\/{rel}","templated":true}]}}