{"id":344,"date":"2021-01-18T09:01:33","date_gmt":"2021-01-18T08:01:33","guid":{"rendered":"http:\/\/test.kriesi.at\/hotel\/?post_type=product&#038;p=344"},"modified":"2021-04-13T22:15:59","modified_gmt":"2021-04-13T21:15:59","slug":"vjera-i-zdravlje","status":"publish","type":"product","link":"https:\/\/zbjl.hr\/donacija\/artikl\/vjera-i-zdravlje\/","title":{"rendered":"Vjera i zdravlje"},"content":{"rendered":"<p>&#8220;Vjera te tvoja ozdravila&#8221; (Isus Krist)<br \/>\n2. pro\u0161ireno izdanje<br \/>\nAutor: Zbornik radova Zaklada &#8220;Biskup Josip Lang&#8221;<\/p>\n<p><span class=\"kapitalac\">S<\/span>ine moj, u bolesti ne budi poti\u0161ten, ve\u0107 se Bogu moli, jer on zdravlje daje&#8230;<br \/>\nAli i lije\u010dniku mjesta daj, i njega je Gospod stvorio: nek nije daleko od tebe jer i on je potreban. Katkad je spas u ruci njihovoj, jer se i oni Bogu utje\u010du, da im poda milost izlje\u010denja i lijek za spas \u017eivota&#8230;<br \/>\n(Sirah 38, 9-14)<\/p>\n","protected":false},"excerpt":{"rendered":"<p>&#8220;Vjera te tvoja ozdravila&#8221; (Isus Krist) 2. pro\u0161ireno izdanje Autor: Zbornik radova Zaklada &#8220;Biskup Josip Lang&#8221; Sine moj, u bolesti ne budi poti\u0161ten, ve\u0107 se Bogu moli, jer on zdravlje daje&#8230; Ali i lije\u010dniku mjesta daj, i njega je Gospod stvorio: nek nije daleko od tebe jer i on je potreban. Katkad je spas u [&hellip;]<\/p>\n","protected":false},"featured_media":1430,"template":"","meta":{"_seopress_robots_primary_cat":"","_seopress_titles_title":"","_seopress_titles_desc":"","_seopress_robots_index":""},"product_cat":[84],"product_tag":[],"class_list":["post-344","product","type-product","status-publish","has-post-thumbnail","hentry","product_cat-knjige"],"_links":{"self":[{"href":"https:\/\/zbjl.hr\/donacija\/wp-json\/wp\/v2\/product\/344","targetHints":{"allow":["GET"]}}],"collection":[{"href":"https:\/\/zbjl.hr\/donacija\/wp-json\/wp\/v2\/product"}],"about":[{"href":"https:\/\/zbjl.hr\/donacija\/wp-json\/wp\/v2\/types\/product"}],"wp:featuredmedia":[{"embeddable":true,"href":"https:\/\/zbjl.hr\/donacija\/wp-json\/wp\/v2\/media\/1430"}],"wp:attachment":[{"href":"https:\/\/zbjl.hr\/donacija\/wp-json\/wp\/v2\/media?parent=344"}],"wp:term":[{"taxonomy":"product_cat","embeddable":true,"href":"https:\/\/zbjl.hr\/donacija\/wp-json\/wp\/v2\/product_cat?post=344"},{"taxonomy":"product_tag","embeddable":true,"href":"https:\/\/zbjl.hr\/donacija\/wp-json\/wp\/v2\/product_tag?post=344"}],"curies":[{"name":"wp","href":"https:\/\/api.w.org\/{rel}","templated":true}]}}